{"id":109,"date":"2018-05-24T09:41:21","date_gmt":"2018-05-24T07:41:21","guid":{"rendered":"http:\/\/www.barbararatajska.pl\/?page_id=109"},"modified":"2025-11-06T14:01:56","modified_gmt":"2025-11-06T13:01:56","slug":"polityka-prywatnosci","status":"publish","type":"page","link":"http:\/\/www.barbararatajska.pl\/?page_id=109","title":{"rendered":"RODO"},"content":{"rendered":"<p>Szanowni Pa\u0144stwo,<\/p>\n<p>zgodnie z wymogami przepis\u00f3w prawa &#8211; art 7 ust. 2 Rozporz\u0105dzenia Parlamentu Europejskiego i Rady UE 2016\/679 z 27 kwietnia 2016 r. tzw. \u201e<strong>RODO<\/strong>\u201d \u2013 informuj\u0119 o konieczno\u015bci przetwarzaniu Pa\u0144stwa danych osobowych, w przypadku korzystania z moich us\u0142ug psychologicznych.<\/p>\n<p>1.<strong> Dane osobowe<\/strong> przetwarzane b\u0119d\u0105 na podstawie art. 4 pkt 2 oraz art. 9 pkt 2h Rozporz\u0105dzenia o Ochronie Danych Osobowych tzw. \u201eRODO\u201d z dn. 27 kwietnia 2016 r.<\/p>\n<p>2. <strong><span style=\"color: #000000;\">Administratorem danych osobowych jest Gabinet <\/span><\/strong><strong><span style=\"color: #000000;\">P<\/span><\/strong><strong><span style=\"color: #000000;\">sychologiczny Bestemor Barbara Ratajska <\/span><\/strong><span style=\"color: #000000;\">z siedzib\u0105 w Warszawie <\/span><span style=\"color: #000000;\">przy ul. W\u0105wozowej 19 lok. 68<\/span><\/p>\n<p>3. <strong>Przetwarzam Pa\u0144stwa dane osobowe w celu<\/strong>:<br \/>&#8211; zawarcia i wykonywania umowy na: prowadzenie terapii, bada\u0144 psychologicznych, test\u00f3w psychologicznych, wydawania opinii psychologicznych czy za\u015bwiadcze\u0144,<br \/>&#8211; umawiania\/odwo\u0142ywania wizyt,<br \/>&#8211; prowadzenia konsultacji\/sesji psychologicznych online,<br \/>&#8211; sporz\u0105dzania dokument\u00f3w ksi\u0119gowych, w przypadku wystawiania faktur.<\/p>\n<p>4. <strong>Rodzaj przetwarzanych danych osobowych<\/strong> to: imi\u0119 i nazwisko, telefon, e-mail. Ponadto: data urodzenia, pesel, wykonywana praca, wykszta\u0142cenie, stan zdrowia, sytuacja rodzinna oraz wszelkie inne dane, kt\u00f3re zosta\u0142y przez Pa\u0144stwa podane dla cel\u00f3w w punkcie 3.<\/p>\n<p>5. Odbiorc\u0105 danych osobowych jest biuro rachunkowe, z us\u0142ug kt\u00f3rego korzystam, w przypadku otrzymywania przez Pa\u0144stwa faktury.<\/p>\n<p>6. <strong>Okres przechowywania danych:<br \/><\/strong>&#8211; dane pozyskane w celu \u015bwiadczenia us\u0142ug, wymienione w punkt 3, przechowywane s\u0105 nie d\u0142u\u017cej ni\u017c 5 lat, do ko\u0144ca roku kalendarzowego nast\u0119puj\u0105cego po roku, w kt\u00f3rym ostatni raz kontaktowali si\u0119 Pa\u0144stwo w sprawie \u015bwiadczenia us\u0142ug,<br \/>&#8211; dane zawarte w dokumentach ksi\u0119gowych podlegaj\u0105 5-cio letniemu okresowi przechowywania.<\/p>\n<p>7. <strong>Przys\u0142uguje Pa\u0144stwu prawo<\/strong> do:<br \/>&#8211; dost\u0119pu do tre\u015bci swoich danych, ich sprostowania i ograniczenia przetwarzania,<br \/>&#8211; usuni\u0119cia danych\/cofni\u0119cia zgody na ich przetwarzanie,<br \/>&#8211; nie mog\u0119 usun\u0105\u0107 dokument\u00f3w ksi\u0119gowych ze wzgl\u0119du na 5-letni obowi\u0105zek ich przechowywania,<br \/>&#8211; wniesienia skargi do organu nadzorczego, gdy uznaj\u0105 Pa\u0144stwo, \u017ce przetwarzanie danych osobowych narusza przepisy og\u00f3lnego rozporz\u0105dzenia o ochronie danych osobowych z dnia 27 kwietnia 2016 r.<\/p>\n<p>8. <strong><span style=\"color: #000000;\">Podanie danych osobowych jest dobrowolne, aczkolwiek niezb\u0119dne do udziele\u0144.<\/span><\/strong><\/p>\n\n","protected":false},"excerpt":{"rendered":"<p>Szanowni Pa\u0144stwo, zgodnie z wymogami przepis\u00f3w prawa &#8211; art 7 ust. 2 Rozporz\u0105dzenia Parlamentu Europejskiego i Rady UE 2016\/679 z 27 kwietnia 2016 r. tzw. \u201eRODO\u201d \u2013 informuj\u0119 o konieczno\u015bci przetwarzaniu Pa\u0144stwa danych osobowych, w przypadku korzystania z moich us\u0142ug psychologicznych. 1. Dane osobowe przetwarzane [&hellip;]<\/p>\n","protected":false},"author":1,"featured_media":0,"parent":0,"menu_order":0,"comment_status":"closed","ping_status":"closed","template":"","meta":{"footnotes":""},"_links":{"self":[{"href":"http:\/\/www.barbararatajska.pl\/index.php?rest_route=\/wp\/v2\/pages\/109"}],"collection":[{"href":"http:\/\/www.barbararatajska.pl\/index.php?rest_route=\/wp\/v2\/pages"}],"about":[{"href":"http:\/\/www.barbararatajska.pl\/index.php?rest_route=\/wp\/v2\/types\/page"}],"author":[{"embeddable":true,"href":"http:\/\/www.barbararatajska.pl\/index.php?rest_route=\/wp\/v2\/users\/1"}],"replies":[{"embeddable":true,"href":"http:\/\/www.barbararatajska.pl\/index.php?rest_route=%2Fwp%2Fv2%2Fcomments&post=109"}],"version-history":[{"count":17,"href":"http:\/\/www.barbararatajska.pl\/index.php?rest_route=\/wp\/v2\/pages\/109\/revisions"}],"predecessor-version":[{"id":230,"href":"http:\/\/www.barbararatajska.pl\/index.php?rest_route=\/wp\/v2\/pages\/109\/revisions\/230"}],"wp:attachment":[{"href":"http:\/\/www.barbararatajska.pl\/index.php?rest_route=%2Fwp%2Fv2%2Fmedia&parent=109"}],"curies":[{"name":"wp","href":"https:\/\/api.w.org\/{rel}","templated":true}]}}